{"id":1511,"date":"2025-05-06T20:01:53","date_gmt":"2025-05-07T01:01:53","guid":{"rendered":"https:\/\/oruzcosmetics.com\/?post_type=product&#038;p=1511"},"modified":"2026-03-01T11:04:32","modified_gmt":"2026-03-01T16:04:32","slug":"suero-facial","status":"publish","type":"product","link":"https:\/\/oruzcosmetics.com\/index.php\/producto\/suero-facial\/","title":{"rendered":"S\u00e9rum facial"},"content":{"rendered":"","protected":false},"excerpt":{"rendered":"<p><strong>S\u00e9rum Facial 7 Beneficios \u2013 Vitamina C + \u00c1cido Hialur\u00f3nico<\/strong><br \/>\nDevu\u00e9lvele a tu piel su luminosidad natural con nuestro Serum Facial Oruz, formulado con activos de alta penetraci\u00f3n que trabajan en capas profundas de la piel. Hidrata, nutre y estimula la producci\u00f3n de col\u00e1geno para una piel m\u00e1s firme, joven y radiante.<br \/>\n<strong>\u2728 Beneficios del S\u00e9rum Oruz:<\/strong><br \/>\nNutre la piel desde adentro.<br \/>\nAcci\u00f3n antioxidante que combate radicales libres.<br \/>\nHidrata y suaviza sin dejar sensaci\u00f3n grasa.<br \/>\nAclara y unifica el tono de la piel.<br \/>\nDevuelve luminosidad natural al rostro.<br \/>\nReduce arrugas y l\u00edneas de expresi\u00f3n.<br \/>\nEstimula la producci\u00f3n de col\u00e1geno.<br \/>\n\ud83d\udccc<strong> Detalles:<\/strong> 50 ml | Ideal para todo tipo de piel | Uso diario AM\/PM.<br \/>\n\ud83d\udc49 Incl\u00fayelo en tu rutina facial y transforma la salud y apariencia de tu piel.<\/p>\n","protected":false},"featured_media":1618,"comment_status":"closed","ping_status":"closed","template":"","meta":[],"product_brand":[],"product_cat":[122],"product_tag":[],"class_list":{"0":"post-1511","1":"product","2":"type-product","3":"status-publish","4":"has-post-thumbnail","6":"product_cat-skin-care","8":"first","9":"instock","10":"taxable","11":"shipping-taxable","12":"purchasable","13":"product-type-simple"},"yoast_head":"<!-- This site is optimized with the Yoast SEO plugin v25.8 - https:\/\/yoast.com\/wordpress\/plugins\/seo\/ -->\n<title>S\u00e9rum facial - Oruzcosmetics<\/title>\n<meta name=\"robots\" content=\"index, follow, max-snippet:-1, max-image-preview:large, max-video-preview:-1\" \/>\n<link rel=\"canonical\" href=\"https:\/\/oruzcosmetics.com\/index.php\/producto\/suero-facial\/\" \/>\n<meta property=\"og:locale\" content=\"es_ES\" \/>\n<meta property=\"og:type\" content=\"article\" \/>\n<meta property=\"og:title\" content=\"S\u00e9rum facial - Oruzcosmetics\" \/>\n<meta property=\"og:description\" content=\"S\u00e9rum Facial 7 Beneficios \u2013 Vitamina C + \u00c1cido Hialur\u00f3nico Devu\u00e9lvele a tu piel su luminosidad natural con nuestro Serum Facial Oruz, formulado con activos de alta penetraci\u00f3n que trabajan en capas profundas de la piel. Hidrata, nutre y estimula la producci\u00f3n de col\u00e1geno para una piel m\u00e1s firme, joven y radiante. \u2728 Beneficios del S\u00e9rum Oruz: Nutre la piel desde adentro. Acci\u00f3n antioxidante que combate radicales libres. Hidrata y suaviza sin dejar sensaci\u00f3n grasa. Aclara y unifica el tono de la piel. Devuelve luminosidad natural al rostro. Reduce arrugas y l\u00edneas de expresi\u00f3n. Estimula la producci\u00f3n de col\u00e1geno. \ud83d\udccc Detalles: 50 ml | Ideal para todo tipo de piel | Uso diario AM\/PM. \ud83d\udc49 Incl\u00fayelo en tu rutina facial y transforma la salud y apariencia de tu piel.\" \/>\n<meta property=\"og:url\" content=\"https:\/\/oruzcosmetics.com\/index.php\/producto\/suero-facial\/\" \/>\n<meta property=\"og:site_name\" content=\"Oruzcosmetics\" \/>\n<meta property=\"article:modified_time\" content=\"2026-03-01T16:04:32+00:00\" \/>\n<meta property=\"og:image\" content=\"https:\/\/oruzcosmetics.com\/wp-content\/uploads\/2025\/05\/serum.jpg\" \/>\n\t<meta property=\"og:image:width\" content=\"800\" \/>\n\t<meta property=\"og:image:height\" content=\"800\" \/>\n\t<meta property=\"og:image:type\" content=\"image\/jpeg\" \/>\n<meta name=\"twitter:card\" content=\"summary_large_image\" \/>\n<meta name=\"twitter:label1\" content=\"Tiempo de lectura\" \/>\n\t<meta name=\"twitter:data1\" content=\"1 minuto\" \/>\n<script type=\"application\/ld+json\" class=\"yoast-schema-graph\">{\"@context\":\"https:\/\/schema.org\",\"@graph\":[{\"@type\":\"WebPage\",\"@id\":\"https:\/\/oruzcosmetics.com\/index.php\/producto\/suero-facial\/\",\"url\":\"https:\/\/oruzcosmetics.com\/index.php\/producto\/suero-facial\/\",\"name\":\"S\u00e9rum facial - Oruzcosmetics\",\"isPartOf\":{\"@id\":\"https:\/\/oruzcosmetics.com\/#website\"},\"primaryImageOfPage\":{\"@id\":\"https:\/\/oruzcosmetics.com\/index.php\/producto\/suero-facial\/#primaryimage\"},\"image\":{\"@id\":\"https:\/\/oruzcosmetics.com\/index.php\/producto\/suero-facial\/#primaryimage\"},\"thumbnailUrl\":\"https:\/\/oruzcosmetics.com\/wp-content\/uploads\/2025\/05\/serum.jpg\",\"datePublished\":\"2025-05-07T01:01:53+00:00\",\"dateModified\":\"2026-03-01T16:04:32+00:00\",\"breadcrumb\":{\"@id\":\"https:\/\/oruzcosmetics.com\/index.php\/producto\/suero-facial\/#breadcrumb\"},\"inLanguage\":\"es\",\"potentialAction\":[{\"@type\":\"ReadAction\",\"target\":[\"https:\/\/oruzcosmetics.com\/index.php\/producto\/suero-facial\/\"]}]},{\"@type\":\"ImageObject\",\"inLanguage\":\"es\",\"@id\":\"https:\/\/oruzcosmetics.com\/index.php\/producto\/suero-facial\/#primaryimage\",\"url\":\"https:\/\/oruzcosmetics.com\/wp-content\/uploads\/2025\/05\/serum.jpg\",\"contentUrl\":\"https:\/\/oruzcosmetics.com\/wp-content\/uploads\/2025\/05\/serum.jpg\",\"width\":800,\"height\":800},{\"@type\":\"BreadcrumbList\",\"@id\":\"https:\/\/oruzcosmetics.com\/index.php\/producto\/suero-facial\/#breadcrumb\",\"itemListElement\":[{\"@type\":\"ListItem\",\"position\":1,\"name\":\"Inicio\",\"item\":\"https:\/\/oruzcosmetics.com\/\"},{\"@type\":\"ListItem\",\"position\":2,\"name\":\"Shop\",\"item\":\"https:\/\/oruzcosmetics.com\/index.php\/shop\/\"},{\"@type\":\"ListItem\",\"position\":3,\"name\":\"S\u00e9rum facial\"}]},{\"@type\":\"WebSite\",\"@id\":\"https:\/\/oruzcosmetics.com\/#website\",\"url\":\"https:\/\/oruzcosmetics.com\/\",\"name\":\"Oruzcosmetics\",\"description\":\"\",\"publisher\":{\"@id\":\"https:\/\/oruzcosmetics.com\/#organization\"},\"potentialAction\":[{\"@type\":\"SearchAction\",\"target\":{\"@type\":\"EntryPoint\",\"urlTemplate\":\"https:\/\/oruzcosmetics.com\/?s={search_term_string}\"},\"query-input\":{\"@type\":\"PropertyValueSpecification\",\"valueRequired\":true,\"valueName\":\"search_term_string\"}}],\"inLanguage\":\"es\"},{\"@type\":\"Organization\",\"@id\":\"https:\/\/oruzcosmetics.com\/#organization\",\"name\":\"Oruzcosmetics\",\"url\":\"https:\/\/oruzcosmetics.com\/\",\"logo\":{\"@type\":\"ImageObject\",\"inLanguage\":\"es\",\"@id\":\"https:\/\/oruzcosmetics.com\/#\/schema\/logo\/image\/\",\"url\":\"https:\/\/oruzcosmetics.com\/wp-content\/uploads\/2025\/05\/logo-oruz.png\",\"contentUrl\":\"https:\/\/oruzcosmetics.com\/wp-content\/uploads\/2025\/05\/logo-oruz.png\",\"width\":818,\"height\":515,\"caption\":\"Oruzcosmetics\"},\"image\":{\"@id\":\"https:\/\/oruzcosmetics.com\/#\/schema\/logo\/image\/\"}}]}<\/script>\n<!-- \/ Yoast SEO plugin. -->","yoast_head_json":{"title":"S\u00e9rum facial - Oruzcosmetics","robots":{"index":"index","follow":"follow","max-snippet":"max-snippet:-1","max-image-preview":"max-image-preview:large","max-video-preview":"max-video-preview:-1"},"canonical":"https:\/\/oruzcosmetics.com\/index.php\/producto\/suero-facial\/","og_locale":"es_ES","og_type":"article","og_title":"S\u00e9rum facial - Oruzcosmetics","og_description":"S\u00e9rum Facial 7 Beneficios \u2013 Vitamina C + \u00c1cido Hialur\u00f3nico Devu\u00e9lvele a tu piel su luminosidad natural con nuestro Serum Facial Oruz, formulado con activos de alta penetraci\u00f3n que trabajan en capas profundas de la piel. Hidrata, nutre y estimula la producci\u00f3n de col\u00e1geno para una piel m\u00e1s firme, joven y radiante. \u2728 Beneficios del S\u00e9rum Oruz: Nutre la piel desde adentro. Acci\u00f3n antioxidante que combate radicales libres. Hidrata y suaviza sin dejar sensaci\u00f3n grasa. Aclara y unifica el tono de la piel. Devuelve luminosidad natural al rostro. Reduce arrugas y l\u00edneas de expresi\u00f3n. Estimula la producci\u00f3n de col\u00e1geno. \ud83d\udccc Detalles: 50 ml | Ideal para todo tipo de piel | Uso diario AM\/PM. \ud83d\udc49 Incl\u00fayelo en tu rutina facial y transforma la salud y apariencia de tu piel.","og_url":"https:\/\/oruzcosmetics.com\/index.php\/producto\/suero-facial\/","og_site_name":"Oruzcosmetics","article_modified_time":"2026-03-01T16:04:32+00:00","og_image":[{"width":800,"height":800,"url":"https:\/\/oruzcosmetics.com\/wp-content\/uploads\/2025\/05\/serum.jpg","type":"image\/jpeg"}],"twitter_card":"summary_large_image","twitter_misc":{"Tiempo de lectura":"1 minuto"},"schema":{"@context":"https:\/\/schema.org","@graph":[{"@type":"WebPage","@id":"https:\/\/oruzcosmetics.com\/index.php\/producto\/suero-facial\/","url":"https:\/\/oruzcosmetics.com\/index.php\/producto\/suero-facial\/","name":"S\u00e9rum facial - Oruzcosmetics","isPartOf":{"@id":"https:\/\/oruzcosmetics.com\/#website"},"primaryImageOfPage":{"@id":"https:\/\/oruzcosmetics.com\/index.php\/producto\/suero-facial\/#primaryimage"},"image":{"@id":"https:\/\/oruzcosmetics.com\/index.php\/producto\/suero-facial\/#primaryimage"},"thumbnailUrl":"https:\/\/oruzcosmetics.com\/wp-content\/uploads\/2025\/05\/serum.jpg","datePublished":"2025-05-07T01:01:53+00:00","dateModified":"2026-03-01T16:04:32+00:00","breadcrumb":{"@id":"https:\/\/oruzcosmetics.com\/index.php\/producto\/suero-facial\/#breadcrumb"},"inLanguage":"es","potentialAction":[{"@type":"ReadAction","target":["https:\/\/oruzcosmetics.com\/index.php\/producto\/suero-facial\/"]}]},{"@type":"ImageObject","inLanguage":"es","@id":"https:\/\/oruzcosmetics.com\/index.php\/producto\/suero-facial\/#primaryimage","url":"https:\/\/oruzcosmetics.com\/wp-content\/uploads\/2025\/05\/serum.jpg","contentUrl":"https:\/\/oruzcosmetics.com\/wp-content\/uploads\/2025\/05\/serum.jpg","width":800,"height":800},{"@type":"BreadcrumbList","@id":"https:\/\/oruzcosmetics.com\/index.php\/producto\/suero-facial\/#breadcrumb","itemListElement":[{"@type":"ListItem","position":1,"name":"Inicio","item":"https:\/\/oruzcosmetics.com\/"},{"@type":"ListItem","position":2,"name":"Shop","item":"https:\/\/oruzcosmetics.com\/index.php\/shop\/"},{"@type":"ListItem","position":3,"name":"S\u00e9rum facial"}]},{"@type":"WebSite","@id":"https:\/\/oruzcosmetics.com\/#website","url":"https:\/\/oruzcosmetics.com\/","name":"Oruzcosmetics","description":"","publisher":{"@id":"https:\/\/oruzcosmetics.com\/#organization"},"potentialAction":[{"@type":"SearchAction","target":{"@type":"EntryPoint","urlTemplate":"https:\/\/oruzcosmetics.com\/?s={search_term_string}"},"query-input":{"@type":"PropertyValueSpecification","valueRequired":true,"valueName":"search_term_string"}}],"inLanguage":"es"},{"@type":"Organization","@id":"https:\/\/oruzcosmetics.com\/#organization","name":"Oruzcosmetics","url":"https:\/\/oruzcosmetics.com\/","logo":{"@type":"ImageObject","inLanguage":"es","@id":"https:\/\/oruzcosmetics.com\/#\/schema\/logo\/image\/","url":"https:\/\/oruzcosmetics.com\/wp-content\/uploads\/2025\/05\/logo-oruz.png","contentUrl":"https:\/\/oruzcosmetics.com\/wp-content\/uploads\/2025\/05\/logo-oruz.png","width":818,"height":515,"caption":"Oruzcosmetics"},"image":{"@id":"https:\/\/oruzcosmetics.com\/#\/schema\/logo\/image\/"}}]}},"_links":{"self":[{"href":"https:\/\/oruzcosmetics.com\/index.php\/wp-json\/wp\/v2\/product\/1511","targetHints":{"allow":["GET"]}}],"collection":[{"href":"https:\/\/oruzcosmetics.com\/index.php\/wp-json\/wp\/v2\/product"}],"about":[{"href":"https:\/\/oruzcosmetics.com\/index.php\/wp-json\/wp\/v2\/types\/product"}],"replies":[{"embeddable":true,"href":"https:\/\/oruzcosmetics.com\/index.php\/wp-json\/wp\/v2\/comments?post=1511"}],"version-history":[{"count":6,"href":"https:\/\/oruzcosmetics.com\/index.php\/wp-json\/wp\/v2\/product\/1511\/revisions"}],"predecessor-version":[{"id":2023,"href":"https:\/\/oruzcosmetics.com\/index.php\/wp-json\/wp\/v2\/product\/1511\/revisions\/2023"}],"wp:featuredmedia":[{"embeddable":true,"href":"https:\/\/oruzcosmetics.com\/index.php\/wp-json\/wp\/v2\/media\/1618"}],"wp:attachment":[{"href":"https:\/\/oruzcosmetics.com\/index.php\/wp-json\/wp\/v2\/media?parent=1511"}],"wp:term":[{"taxonomy":"product_brand","embeddable":true,"href":"https:\/\/oruzcosmetics.com\/index.php\/wp-json\/wp\/v2\/product_brand?post=1511"},{"taxonomy":"product_cat","embeddable":true,"href":"https:\/\/oruzcosmetics.com\/index.php\/wp-json\/wp\/v2\/product_cat?post=1511"},{"taxonomy":"product_tag","embeddable":true,"href":"https:\/\/oruzcosmetics.com\/index.php\/wp-json\/wp\/v2\/product_tag?post=1511"}],"curies":[{"name":"wp","href":"https:\/\/api.w.org\/{rel}","templated":true}]}}