{"id":1517,"date":"2025-05-06T20:03:29","date_gmt":"2025-05-07T01:03:29","guid":{"rendered":"https:\/\/oruzcosmetics.com\/?post_type=product&#038;p=1517"},"modified":"2026-03-01T11:04:32","modified_gmt":"2026-03-01T16:04:32","slug":"contorno-de-ojos","status":"publish","type":"product","link":"https:\/\/oruzcosmetics.com\/index.php\/producto\/contorno-de-ojos\/","title":{"rendered":"Contorno de ojos"},"content":{"rendered":"<p>Su aplicador Roll-on produce un efecto fr\u00edo sobre la zona de aplicaci\u00f3n, para un alivio y confort inmediato, perfecto para ojos hinchados. Adem\u00e1s, permite hacer un suave masaje favoreciendo la microcirculaci\u00f3n y el drenaje en el contorno de los ojos<\/p>\n<p>Asi\u0301 logramos un efecto preventivo, reparador y reafirmante, mejorando los signos de la edad y el cansancio.<\/p>\n","protected":false},"excerpt":{"rendered":"<p><b>Contorno de Ojos Roll-On con Cafe\u00edna y Coenzima Q10<\/b><\/p>\n<p><span style=\"font-weight: 400;\">Ilumina y revitaliza tu mirada con el <\/span><b>Contorno de Ojos Oruz<\/b><span style=\"font-weight: 400;\">, enriquecido con cafe\u00edna, t\u00e9 verde, \u00e1cido hialur\u00f3nico y col\u00e1geno. Su aplicador <\/span><b>roll-on de efecto fr\u00edo<\/b><span style=\"font-weight: 400;\"> descongestiona bolsas, reduce ojeras y estimula la microcirculaci\u00f3n.<\/span><\/p>\n<p><span style=\"font-weight: 400;\">\u2728<\/span> <b>Beneficios del Contorno Oruz:<\/b><\/p>\n<ul>\n<li style=\"font-weight: 400;\" aria-level=\"1\"><span style=\"font-weight: 400;\">Hidrata y nutre el contorno de ojos.<\/span><\/li>\n<li style=\"font-weight: 400;\" aria-level=\"1\"><span style=\"font-weight: 400;\">Reduce bolsas y signos de fatiga.<\/span><\/li>\n<li style=\"font-weight: 400;\" aria-level=\"1\"><span style=\"font-weight: 400;\">Revitaliza y aporta frescura inmediata.<\/span><\/li>\n<li style=\"font-weight: 400;\" aria-level=\"1\"><span style=\"font-weight: 400;\">Estimula la producci\u00f3n de col\u00e1geno.<\/span><\/li>\n<li style=\"font-weight: 400;\" aria-level=\"1\"><span style=\"font-weight: 400;\">Efecto reafirmante y reparador contra signos de la edad.<\/span><\/li>\n<\/ul>\n<p><span style=\"font-weight: 400;\">\ud83d\udccc<\/span> <b>Detalles:<\/b><span style=\"font-weight: 400;\"> 20g | Aplicador roll-on con masaje fr\u00edo | Uso diario AM\/PM.<\/span><\/p>\n<p><span style=\"font-weight: 400;\">\ud83d\udc49<\/span><span style=\"font-weight: 400;\"> Tu aliado perfecto para una mirada descansada y joven.<\/span><\/p>\n","protected":false},"featured_media":1617,"comment_status":"closed","ping_status":"closed","template":"","meta":[],"product_brand":[],"product_cat":[122],"product_tag":[],"class_list":{"0":"post-1517","1":"product","2":"type-product","3":"status-publish","4":"has-post-thumbnail","6":"product_cat-skin-care","8":"first","9":"instock","10":"taxable","11":"shipping-taxable","12":"purchasable","13":"product-type-simple"},"yoast_head":"<!-- This site is optimized with the Yoast SEO plugin v25.8 - https:\/\/yoast.com\/wordpress\/plugins\/seo\/ -->\n<title>Contorno de ojos - Oruzcosmetics<\/title>\n<meta name=\"robots\" content=\"index, follow, max-snippet:-1, max-image-preview:large, max-video-preview:-1\" \/>\n<link rel=\"canonical\" href=\"https:\/\/oruzcosmetics.com\/index.php\/producto\/contorno-de-ojos\/\" \/>\n<meta property=\"og:locale\" content=\"es_ES\" \/>\n<meta property=\"og:type\" content=\"article\" \/>\n<meta property=\"og:title\" content=\"Contorno de ojos - Oruzcosmetics\" \/>\n<meta property=\"og:description\" content=\"Contorno de Ojos Roll-On con Cafe\u00edna y Coenzima Q10  Ilumina y revitaliza tu mirada con el Contorno de Ojos Oruz, enriquecido con cafe\u00edna, t\u00e9 verde, \u00e1cido hialur\u00f3nico y col\u00e1geno. Su aplicador roll-on de efecto fr\u00edo descongestiona bolsas, reduce ojeras y estimula la microcirculaci\u00f3n.  \u2728 Beneficios del Contorno Oruz:   Hidrata y nutre el contorno de ojos.  Reduce bolsas y signos de fatiga.  Revitaliza y aporta frescura inmediata.  Estimula la producci\u00f3n de col\u00e1geno.  Efecto reafirmante y reparador contra signos de la edad.  \ud83d\udccc Detalles: 20g | Aplicador roll-on con masaje fr\u00edo | Uso diario AM\/PM.  \ud83d\udc49 Tu aliado perfecto para una mirada descansada y joven.\" \/>\n<meta property=\"og:url\" content=\"https:\/\/oruzcosmetics.com\/index.php\/producto\/contorno-de-ojos\/\" \/>\n<meta property=\"og:site_name\" content=\"Oruzcosmetics\" \/>\n<meta property=\"article:modified_time\" content=\"2026-03-01T16:04:32+00:00\" \/>\n<meta property=\"og:image\" content=\"https:\/\/oruzcosmetics.com\/wp-content\/uploads\/2025\/05\/contorno.jpg\" \/>\n\t<meta property=\"og:image:width\" content=\"800\" \/>\n\t<meta property=\"og:image:height\" content=\"800\" \/>\n\t<meta property=\"og:image:type\" content=\"image\/jpeg\" \/>\n<meta name=\"twitter:card\" content=\"summary_large_image\" \/>\n<meta name=\"twitter:label1\" content=\"Tiempo de lectura\" \/>\n\t<meta name=\"twitter:data1\" content=\"1 minuto\" \/>\n<script type=\"application\/ld+json\" class=\"yoast-schema-graph\">{\"@context\":\"https:\/\/schema.org\",\"@graph\":[{\"@type\":\"WebPage\",\"@id\":\"https:\/\/oruzcosmetics.com\/index.php\/producto\/contorno-de-ojos\/\",\"url\":\"https:\/\/oruzcosmetics.com\/index.php\/producto\/contorno-de-ojos\/\",\"name\":\"Contorno de ojos - Oruzcosmetics\",\"isPartOf\":{\"@id\":\"https:\/\/oruzcosmetics.com\/#website\"},\"primaryImageOfPage\":{\"@id\":\"https:\/\/oruzcosmetics.com\/index.php\/producto\/contorno-de-ojos\/#primaryimage\"},\"image\":{\"@id\":\"https:\/\/oruzcosmetics.com\/index.php\/producto\/contorno-de-ojos\/#primaryimage\"},\"thumbnailUrl\":\"https:\/\/oruzcosmetics.com\/wp-content\/uploads\/2025\/05\/contorno.jpg\",\"datePublished\":\"2025-05-07T01:03:29+00:00\",\"dateModified\":\"2026-03-01T16:04:32+00:00\",\"breadcrumb\":{\"@id\":\"https:\/\/oruzcosmetics.com\/index.php\/producto\/contorno-de-ojos\/#breadcrumb\"},\"inLanguage\":\"es\",\"potentialAction\":[{\"@type\":\"ReadAction\",\"target\":[\"https:\/\/oruzcosmetics.com\/index.php\/producto\/contorno-de-ojos\/\"]}]},{\"@type\":\"ImageObject\",\"inLanguage\":\"es\",\"@id\":\"https:\/\/oruzcosmetics.com\/index.php\/producto\/contorno-de-ojos\/#primaryimage\",\"url\":\"https:\/\/oruzcosmetics.com\/wp-content\/uploads\/2025\/05\/contorno.jpg\",\"contentUrl\":\"https:\/\/oruzcosmetics.com\/wp-content\/uploads\/2025\/05\/contorno.jpg\",\"width\":800,\"height\":800},{\"@type\":\"BreadcrumbList\",\"@id\":\"https:\/\/oruzcosmetics.com\/index.php\/producto\/contorno-de-ojos\/#breadcrumb\",\"itemListElement\":[{\"@type\":\"ListItem\",\"position\":1,\"name\":\"Inicio\",\"item\":\"https:\/\/oruzcosmetics.com\/\"},{\"@type\":\"ListItem\",\"position\":2,\"name\":\"Shop\",\"item\":\"https:\/\/oruzcosmetics.com\/index.php\/shop\/\"},{\"@type\":\"ListItem\",\"position\":3,\"name\":\"Contorno de ojos\"}]},{\"@type\":\"WebSite\",\"@id\":\"https:\/\/oruzcosmetics.com\/#website\",\"url\":\"https:\/\/oruzcosmetics.com\/\",\"name\":\"Oruzcosmetics\",\"description\":\"\",\"publisher\":{\"@id\":\"https:\/\/oruzcosmetics.com\/#organization\"},\"potentialAction\":[{\"@type\":\"SearchAction\",\"target\":{\"@type\":\"EntryPoint\",\"urlTemplate\":\"https:\/\/oruzcosmetics.com\/?s={search_term_string}\"},\"query-input\":{\"@type\":\"PropertyValueSpecification\",\"valueRequired\":true,\"valueName\":\"search_term_string\"}}],\"inLanguage\":\"es\"},{\"@type\":\"Organization\",\"@id\":\"https:\/\/oruzcosmetics.com\/#organization\",\"name\":\"Oruzcosmetics\",\"url\":\"https:\/\/oruzcosmetics.com\/\",\"logo\":{\"@type\":\"ImageObject\",\"inLanguage\":\"es\",\"@id\":\"https:\/\/oruzcosmetics.com\/#\/schema\/logo\/image\/\",\"url\":\"https:\/\/oruzcosmetics.com\/wp-content\/uploads\/2025\/05\/logo-oruz.png\",\"contentUrl\":\"https:\/\/oruzcosmetics.com\/wp-content\/uploads\/2025\/05\/logo-oruz.png\",\"width\":818,\"height\":515,\"caption\":\"Oruzcosmetics\"},\"image\":{\"@id\":\"https:\/\/oruzcosmetics.com\/#\/schema\/logo\/image\/\"}}]}<\/script>\n<!-- \/ Yoast SEO plugin. -->","yoast_head_json":{"title":"Contorno de ojos - Oruzcosmetics","robots":{"index":"index","follow":"follow","max-snippet":"max-snippet:-1","max-image-preview":"max-image-preview:large","max-video-preview":"max-video-preview:-1"},"canonical":"https:\/\/oruzcosmetics.com\/index.php\/producto\/contorno-de-ojos\/","og_locale":"es_ES","og_type":"article","og_title":"Contorno de ojos - Oruzcosmetics","og_description":"Contorno de Ojos Roll-On con Cafe\u00edna y Coenzima Q10  Ilumina y revitaliza tu mirada con el Contorno de Ojos Oruz, enriquecido con cafe\u00edna, t\u00e9 verde, \u00e1cido hialur\u00f3nico y col\u00e1geno. Su aplicador roll-on de efecto fr\u00edo descongestiona bolsas, reduce ojeras y estimula la microcirculaci\u00f3n.  \u2728 Beneficios del Contorno Oruz:   Hidrata y nutre el contorno de ojos.  Reduce bolsas y signos de fatiga.  Revitaliza y aporta frescura inmediata.  Estimula la producci\u00f3n de col\u00e1geno.  Efecto reafirmante y reparador contra signos de la edad.  \ud83d\udccc Detalles: 20g | Aplicador roll-on con masaje fr\u00edo | Uso diario AM\/PM.  \ud83d\udc49 Tu aliado perfecto para una mirada descansada y joven.","og_url":"https:\/\/oruzcosmetics.com\/index.php\/producto\/contorno-de-ojos\/","og_site_name":"Oruzcosmetics","article_modified_time":"2026-03-01T16:04:32+00:00","og_image":[{"width":800,"height":800,"url":"https:\/\/oruzcosmetics.com\/wp-content\/uploads\/2025\/05\/contorno.jpg","type":"image\/jpeg"}],"twitter_card":"summary_large_image","twitter_misc":{"Tiempo de lectura":"1 minuto"},"schema":{"@context":"https:\/\/schema.org","@graph":[{"@type":"WebPage","@id":"https:\/\/oruzcosmetics.com\/index.php\/producto\/contorno-de-ojos\/","url":"https:\/\/oruzcosmetics.com\/index.php\/producto\/contorno-de-ojos\/","name":"Contorno de ojos - Oruzcosmetics","isPartOf":{"@id":"https:\/\/oruzcosmetics.com\/#website"},"primaryImageOfPage":{"@id":"https:\/\/oruzcosmetics.com\/index.php\/producto\/contorno-de-ojos\/#primaryimage"},"image":{"@id":"https:\/\/oruzcosmetics.com\/index.php\/producto\/contorno-de-ojos\/#primaryimage"},"thumbnailUrl":"https:\/\/oruzcosmetics.com\/wp-content\/uploads\/2025\/05\/contorno.jpg","datePublished":"2025-05-07T01:03:29+00:00","dateModified":"2026-03-01T16:04:32+00:00","breadcrumb":{"@id":"https:\/\/oruzcosmetics.com\/index.php\/producto\/contorno-de-ojos\/#breadcrumb"},"inLanguage":"es","potentialAction":[{"@type":"ReadAction","target":["https:\/\/oruzcosmetics.com\/index.php\/producto\/contorno-de-ojos\/"]}]},{"@type":"ImageObject","inLanguage":"es","@id":"https:\/\/oruzcosmetics.com\/index.php\/producto\/contorno-de-ojos\/#primaryimage","url":"https:\/\/oruzcosmetics.com\/wp-content\/uploads\/2025\/05\/contorno.jpg","contentUrl":"https:\/\/oruzcosmetics.com\/wp-content\/uploads\/2025\/05\/contorno.jpg","width":800,"height":800},{"@type":"BreadcrumbList","@id":"https:\/\/oruzcosmetics.com\/index.php\/producto\/contorno-de-ojos\/#breadcrumb","itemListElement":[{"@type":"ListItem","position":1,"name":"Inicio","item":"https:\/\/oruzcosmetics.com\/"},{"@type":"ListItem","position":2,"name":"Shop","item":"https:\/\/oruzcosmetics.com\/index.php\/shop\/"},{"@type":"ListItem","position":3,"name":"Contorno de ojos"}]},{"@type":"WebSite","@id":"https:\/\/oruzcosmetics.com\/#website","url":"https:\/\/oruzcosmetics.com\/","name":"Oruzcosmetics","description":"","publisher":{"@id":"https:\/\/oruzcosmetics.com\/#organization"},"potentialAction":[{"@type":"SearchAction","target":{"@type":"EntryPoint","urlTemplate":"https:\/\/oruzcosmetics.com\/?s={search_term_string}"},"query-input":{"@type":"PropertyValueSpecification","valueRequired":true,"valueName":"search_term_string"}}],"inLanguage":"es"},{"@type":"Organization","@id":"https:\/\/oruzcosmetics.com\/#organization","name":"Oruzcosmetics","url":"https:\/\/oruzcosmetics.com\/","logo":{"@type":"ImageObject","inLanguage":"es","@id":"https:\/\/oruzcosmetics.com\/#\/schema\/logo\/image\/","url":"https:\/\/oruzcosmetics.com\/wp-content\/uploads\/2025\/05\/logo-oruz.png","contentUrl":"https:\/\/oruzcosmetics.com\/wp-content\/uploads\/2025\/05\/logo-oruz.png","width":818,"height":515,"caption":"Oruzcosmetics"},"image":{"@id":"https:\/\/oruzcosmetics.com\/#\/schema\/logo\/image\/"}}]}},"_links":{"self":[{"href":"https:\/\/oruzcosmetics.com\/index.php\/wp-json\/wp\/v2\/product\/1517","targetHints":{"allow":["GET"]}}],"collection":[{"href":"https:\/\/oruzcosmetics.com\/index.php\/wp-json\/wp\/v2\/product"}],"about":[{"href":"https:\/\/oruzcosmetics.com\/index.php\/wp-json\/wp\/v2\/types\/product"}],"replies":[{"embeddable":true,"href":"https:\/\/oruzcosmetics.com\/index.php\/wp-json\/wp\/v2\/comments?post=1517"}],"version-history":[{"count":4,"href":"https:\/\/oruzcosmetics.com\/index.php\/wp-json\/wp\/v2\/product\/1517\/revisions"}],"predecessor-version":[{"id":2012,"href":"https:\/\/oruzcosmetics.com\/index.php\/wp-json\/wp\/v2\/product\/1517\/revisions\/2012"}],"wp:featuredmedia":[{"embeddable":true,"href":"https:\/\/oruzcosmetics.com\/index.php\/wp-json\/wp\/v2\/media\/1617"}],"wp:attachment":[{"href":"https:\/\/oruzcosmetics.com\/index.php\/wp-json\/wp\/v2\/media?parent=1517"}],"wp:term":[{"taxonomy":"product_brand","embeddable":true,"href":"https:\/\/oruzcosmetics.com\/index.php\/wp-json\/wp\/v2\/product_brand?post=1517"},{"taxonomy":"product_cat","embeddable":true,"href":"https:\/\/oruzcosmetics.com\/index.php\/wp-json\/wp\/v2\/product_cat?post=1517"},{"taxonomy":"product_tag","embeddable":true,"href":"https:\/\/oruzcosmetics.com\/index.php\/wp-json\/wp\/v2\/product_tag?post=1517"}],"curies":[{"name":"wp","href":"https:\/\/api.w.org\/{rel}","templated":true}]}}