{"id":1525,"date":"2025-05-06T20:11:58","date_gmt":"2025-05-07T01:11:58","guid":{"rendered":"https:\/\/oruzcosmetics.com\/?post_type=product&#038;p=1525"},"modified":"2026-03-01T11:04:32","modified_gmt":"2026-03-01T16:04:32","slug":"espuma-facial-limpiadora","status":"publish","type":"product","link":"https:\/\/oruzcosmetics.com\/index.php\/producto\/espuma-facial-limpiadora\/","title":{"rendered":"Espuma facial limpiadora"},"content":{"rendered":"<p>&#8211; Limpia suciedad e impurezas de la piel sin resecarla<\/p>\n<p>&#8211; Mantiene el ph natural de la piel<\/p>\n<p>&#8211; Seboregulador, controla la grasa facial<\/p>\n<p>&#8211; Mantiene la humedad y la elasticidad de la piel<\/p>\n","protected":false},"excerpt":{"rendered":"<p><b>Espuma Facial Limpiadora con Niacinamida y Avena<\/b><\/p>\n<p><span style=\"font-weight: 400;\">Limpieza profunda sin resecar tu piel. Nuestra <\/span><b>Espuma Facial Oruz<\/b><span style=\"font-weight: 400;\"> elimina suciedad, bacterias y restos de maquillaje mientras protege la barrera hidrolip\u00eddica. Su f\u00f3rmula con Niacinamida, Vitamina E, Avena y Coco deja la piel fresca, suave y equilibrada.<\/span><\/p>\n<p><span style=\"font-weight: 400;\">\u2728<\/span> <b>Beneficios de la Espuma Oruz:<\/b><\/p>\n<ul>\n<li style=\"font-weight: 400;\" aria-level=\"1\"><span style=\"font-weight: 400;\">Limpia impurezas y contaminaci\u00f3n diaria sin resecar.<\/span><\/li>\n<li style=\"font-weight: 400;\" aria-level=\"1\"><span style=\"font-weight: 400;\">Mantiene el pH natural de la piel.<\/span><\/li>\n<li style=\"font-weight: 400;\" aria-level=\"1\"><span style=\"font-weight: 400;\">Controla el exceso de grasa (acci\u00f3n seborreguladora).<\/span><\/li>\n<li style=\"font-weight: 400;\" aria-level=\"1\"><span style=\"font-weight: 400;\">Mantiene hidrataci\u00f3n y elasticidad.<\/span><\/li>\n<\/ul>\n<p><span style=\"font-weight: 400;\">\ud83d\udccc<\/span> <b>Detalles:<\/b><span style=\"font-weight: 400;\"> 200 ml | Textura ligera en espuma | Apta para todo tipo de piel.<\/span><\/p>\n<p><span style=\"font-weight: 400;\">\ud83d\udc49<\/span><span style=\"font-weight: 400;\"> El primer paso esencial para una rutina de cuidado facial efectiva.<\/span><\/p>\n","protected":false},"featured_media":1616,"comment_status":"closed","ping_status":"closed","template":"","meta":[],"product_brand":[],"product_cat":[122],"product_tag":[],"class_list":{"0":"post-1525","1":"product","2":"type-product","3":"status-publish","4":"has-post-thumbnail","6":"product_cat-skin-care","8":"first","9":"instock","10":"taxable","11":"shipping-taxable","12":"purchasable","13":"product-type-simple"},"yoast_head":"<!-- This site is optimized with the Yoast SEO plugin v25.8 - https:\/\/yoast.com\/wordpress\/plugins\/seo\/ -->\n<title>Espuma facial limpiadora - Oruzcosmetics<\/title>\n<meta name=\"robots\" content=\"index, follow, max-snippet:-1, max-image-preview:large, max-video-preview:-1\" \/>\n<link rel=\"canonical\" href=\"https:\/\/oruzcosmetics.com\/index.php\/producto\/espuma-facial-limpiadora\/\" \/>\n<meta property=\"og:locale\" content=\"es_ES\" \/>\n<meta property=\"og:type\" content=\"article\" \/>\n<meta property=\"og:title\" content=\"Espuma facial limpiadora - Oruzcosmetics\" \/>\n<meta property=\"og:description\" content=\"Espuma Facial Limpiadora con Niacinamida y Avena  Limpieza profunda sin resecar tu piel. Nuestra Espuma Facial Oruz elimina suciedad, bacterias y restos de maquillaje mientras protege la barrera hidrolip\u00eddica. Su f\u00f3rmula con Niacinamida, Vitamina E, Avena y Coco deja la piel fresca, suave y equilibrada.  \u2728 Beneficios de la Espuma Oruz:   Limpia impurezas y contaminaci\u00f3n diaria sin resecar.  Mantiene el pH natural de la piel.  Controla el exceso de grasa (acci\u00f3n seborreguladora).  Mantiene hidrataci\u00f3n y elasticidad.  \ud83d\udccc Detalles: 200 ml | Textura ligera en espuma | Apta para todo tipo de piel.  \ud83d\udc49 El primer paso esencial para una rutina de cuidado facial efectiva.\" \/>\n<meta property=\"og:url\" content=\"https:\/\/oruzcosmetics.com\/index.php\/producto\/espuma-facial-limpiadora\/\" \/>\n<meta property=\"og:site_name\" content=\"Oruzcosmetics\" \/>\n<meta property=\"article:modified_time\" content=\"2026-03-01T16:04:32+00:00\" \/>\n<meta property=\"og:image\" content=\"https:\/\/oruzcosmetics.com\/wp-content\/uploads\/2025\/05\/espuma-facial.jpg\" \/>\n\t<meta property=\"og:image:width\" content=\"800\" \/>\n\t<meta property=\"og:image:height\" content=\"800\" \/>\n\t<meta property=\"og:image:type\" content=\"image\/jpeg\" \/>\n<meta name=\"twitter:card\" content=\"summary_large_image\" \/>\n<meta name=\"twitter:label1\" content=\"Tiempo de lectura\" \/>\n\t<meta name=\"twitter:data1\" content=\"1 minuto\" \/>\n<script type=\"application\/ld+json\" class=\"yoast-schema-graph\">{\"@context\":\"https:\/\/schema.org\",\"@graph\":[{\"@type\":\"WebPage\",\"@id\":\"https:\/\/oruzcosmetics.com\/index.php\/producto\/espuma-facial-limpiadora\/\",\"url\":\"https:\/\/oruzcosmetics.com\/index.php\/producto\/espuma-facial-limpiadora\/\",\"name\":\"Espuma facial limpiadora - Oruzcosmetics\",\"isPartOf\":{\"@id\":\"https:\/\/oruzcosmetics.com\/#website\"},\"primaryImageOfPage\":{\"@id\":\"https:\/\/oruzcosmetics.com\/index.php\/producto\/espuma-facial-limpiadora\/#primaryimage\"},\"image\":{\"@id\":\"https:\/\/oruzcosmetics.com\/index.php\/producto\/espuma-facial-limpiadora\/#primaryimage\"},\"thumbnailUrl\":\"https:\/\/oruzcosmetics.com\/wp-content\/uploads\/2025\/05\/espuma-facial.jpg\",\"datePublished\":\"2025-05-07T01:11:58+00:00\",\"dateModified\":\"2026-03-01T16:04:32+00:00\",\"breadcrumb\":{\"@id\":\"https:\/\/oruzcosmetics.com\/index.php\/producto\/espuma-facial-limpiadora\/#breadcrumb\"},\"inLanguage\":\"es\",\"potentialAction\":[{\"@type\":\"ReadAction\",\"target\":[\"https:\/\/oruzcosmetics.com\/index.php\/producto\/espuma-facial-limpiadora\/\"]}]},{\"@type\":\"ImageObject\",\"inLanguage\":\"es\",\"@id\":\"https:\/\/oruzcosmetics.com\/index.php\/producto\/espuma-facial-limpiadora\/#primaryimage\",\"url\":\"https:\/\/oruzcosmetics.com\/wp-content\/uploads\/2025\/05\/espuma-facial.jpg\",\"contentUrl\":\"https:\/\/oruzcosmetics.com\/wp-content\/uploads\/2025\/05\/espuma-facial.jpg\",\"width\":800,\"height\":800},{\"@type\":\"BreadcrumbList\",\"@id\":\"https:\/\/oruzcosmetics.com\/index.php\/producto\/espuma-facial-limpiadora\/#breadcrumb\",\"itemListElement\":[{\"@type\":\"ListItem\",\"position\":1,\"name\":\"Inicio\",\"item\":\"https:\/\/oruzcosmetics.com\/\"},{\"@type\":\"ListItem\",\"position\":2,\"name\":\"Shop\",\"item\":\"https:\/\/oruzcosmetics.com\/index.php\/shop\/\"},{\"@type\":\"ListItem\",\"position\":3,\"name\":\"Espuma facial limpiadora\"}]},{\"@type\":\"WebSite\",\"@id\":\"https:\/\/oruzcosmetics.com\/#website\",\"url\":\"https:\/\/oruzcosmetics.com\/\",\"name\":\"Oruzcosmetics\",\"description\":\"\",\"publisher\":{\"@id\":\"https:\/\/oruzcosmetics.com\/#organization\"},\"potentialAction\":[{\"@type\":\"SearchAction\",\"target\":{\"@type\":\"EntryPoint\",\"urlTemplate\":\"https:\/\/oruzcosmetics.com\/?s={search_term_string}\"},\"query-input\":{\"@type\":\"PropertyValueSpecification\",\"valueRequired\":true,\"valueName\":\"search_term_string\"}}],\"inLanguage\":\"es\"},{\"@type\":\"Organization\",\"@id\":\"https:\/\/oruzcosmetics.com\/#organization\",\"name\":\"Oruzcosmetics\",\"url\":\"https:\/\/oruzcosmetics.com\/\",\"logo\":{\"@type\":\"ImageObject\",\"inLanguage\":\"es\",\"@id\":\"https:\/\/oruzcosmetics.com\/#\/schema\/logo\/image\/\",\"url\":\"https:\/\/oruzcosmetics.com\/wp-content\/uploads\/2025\/05\/logo-oruz.png\",\"contentUrl\":\"https:\/\/oruzcosmetics.com\/wp-content\/uploads\/2025\/05\/logo-oruz.png\",\"width\":818,\"height\":515,\"caption\":\"Oruzcosmetics\"},\"image\":{\"@id\":\"https:\/\/oruzcosmetics.com\/#\/schema\/logo\/image\/\"}}]}<\/script>\n<!-- \/ Yoast SEO plugin. -->","yoast_head_json":{"title":"Espuma facial limpiadora - Oruzcosmetics","robots":{"index":"index","follow":"follow","max-snippet":"max-snippet:-1","max-image-preview":"max-image-preview:large","max-video-preview":"max-video-preview:-1"},"canonical":"https:\/\/oruzcosmetics.com\/index.php\/producto\/espuma-facial-limpiadora\/","og_locale":"es_ES","og_type":"article","og_title":"Espuma facial limpiadora - Oruzcosmetics","og_description":"Espuma Facial Limpiadora con Niacinamida y Avena  Limpieza profunda sin resecar tu piel. Nuestra Espuma Facial Oruz elimina suciedad, bacterias y restos de maquillaje mientras protege la barrera hidrolip\u00eddica. Su f\u00f3rmula con Niacinamida, Vitamina E, Avena y Coco deja la piel fresca, suave y equilibrada.  \u2728 Beneficios de la Espuma Oruz:   Limpia impurezas y contaminaci\u00f3n diaria sin resecar.  Mantiene el pH natural de la piel.  Controla el exceso de grasa (acci\u00f3n seborreguladora).  Mantiene hidrataci\u00f3n y elasticidad.  \ud83d\udccc Detalles: 200 ml | Textura ligera en espuma | Apta para todo tipo de piel.  \ud83d\udc49 El primer paso esencial para una rutina de cuidado facial efectiva.","og_url":"https:\/\/oruzcosmetics.com\/index.php\/producto\/espuma-facial-limpiadora\/","og_site_name":"Oruzcosmetics","article_modified_time":"2026-03-01T16:04:32+00:00","og_image":[{"width":800,"height":800,"url":"https:\/\/oruzcosmetics.com\/wp-content\/uploads\/2025\/05\/espuma-facial.jpg","type":"image\/jpeg"}],"twitter_card":"summary_large_image","twitter_misc":{"Tiempo de lectura":"1 minuto"},"schema":{"@context":"https:\/\/schema.org","@graph":[{"@type":"WebPage","@id":"https:\/\/oruzcosmetics.com\/index.php\/producto\/espuma-facial-limpiadora\/","url":"https:\/\/oruzcosmetics.com\/index.php\/producto\/espuma-facial-limpiadora\/","name":"Espuma facial limpiadora - Oruzcosmetics","isPartOf":{"@id":"https:\/\/oruzcosmetics.com\/#website"},"primaryImageOfPage":{"@id":"https:\/\/oruzcosmetics.com\/index.php\/producto\/espuma-facial-limpiadora\/#primaryimage"},"image":{"@id":"https:\/\/oruzcosmetics.com\/index.php\/producto\/espuma-facial-limpiadora\/#primaryimage"},"thumbnailUrl":"https:\/\/oruzcosmetics.com\/wp-content\/uploads\/2025\/05\/espuma-facial.jpg","datePublished":"2025-05-07T01:11:58+00:00","dateModified":"2026-03-01T16:04:32+00:00","breadcrumb":{"@id":"https:\/\/oruzcosmetics.com\/index.php\/producto\/espuma-facial-limpiadora\/#breadcrumb"},"inLanguage":"es","potentialAction":[{"@type":"ReadAction","target":["https:\/\/oruzcosmetics.com\/index.php\/producto\/espuma-facial-limpiadora\/"]}]},{"@type":"ImageObject","inLanguage":"es","@id":"https:\/\/oruzcosmetics.com\/index.php\/producto\/espuma-facial-limpiadora\/#primaryimage","url":"https:\/\/oruzcosmetics.com\/wp-content\/uploads\/2025\/05\/espuma-facial.jpg","contentUrl":"https:\/\/oruzcosmetics.com\/wp-content\/uploads\/2025\/05\/espuma-facial.jpg","width":800,"height":800},{"@type":"BreadcrumbList","@id":"https:\/\/oruzcosmetics.com\/index.php\/producto\/espuma-facial-limpiadora\/#breadcrumb","itemListElement":[{"@type":"ListItem","position":1,"name":"Inicio","item":"https:\/\/oruzcosmetics.com\/"},{"@type":"ListItem","position":2,"name":"Shop","item":"https:\/\/oruzcosmetics.com\/index.php\/shop\/"},{"@type":"ListItem","position":3,"name":"Espuma facial limpiadora"}]},{"@type":"WebSite","@id":"https:\/\/oruzcosmetics.com\/#website","url":"https:\/\/oruzcosmetics.com\/","name":"Oruzcosmetics","description":"","publisher":{"@id":"https:\/\/oruzcosmetics.com\/#organization"},"potentialAction":[{"@type":"SearchAction","target":{"@type":"EntryPoint","urlTemplate":"https:\/\/oruzcosmetics.com\/?s={search_term_string}"},"query-input":{"@type":"PropertyValueSpecification","valueRequired":true,"valueName":"search_term_string"}}],"inLanguage":"es"},{"@type":"Organization","@id":"https:\/\/oruzcosmetics.com\/#organization","name":"Oruzcosmetics","url":"https:\/\/oruzcosmetics.com\/","logo":{"@type":"ImageObject","inLanguage":"es","@id":"https:\/\/oruzcosmetics.com\/#\/schema\/logo\/image\/","url":"https:\/\/oruzcosmetics.com\/wp-content\/uploads\/2025\/05\/logo-oruz.png","contentUrl":"https:\/\/oruzcosmetics.com\/wp-content\/uploads\/2025\/05\/logo-oruz.png","width":818,"height":515,"caption":"Oruzcosmetics"},"image":{"@id":"https:\/\/oruzcosmetics.com\/#\/schema\/logo\/image\/"}}]}},"_links":{"self":[{"href":"https:\/\/oruzcosmetics.com\/index.php\/wp-json\/wp\/v2\/product\/1525","targetHints":{"allow":["GET"]}}],"collection":[{"href":"https:\/\/oruzcosmetics.com\/index.php\/wp-json\/wp\/v2\/product"}],"about":[{"href":"https:\/\/oruzcosmetics.com\/index.php\/wp-json\/wp\/v2\/types\/product"}],"replies":[{"embeddable":true,"href":"https:\/\/oruzcosmetics.com\/index.php\/wp-json\/wp\/v2\/comments?post=1525"}],"version-history":[{"count":5,"href":"https:\/\/oruzcosmetics.com\/index.php\/wp-json\/wp\/v2\/product\/1525\/revisions"}],"predecessor-version":[{"id":2011,"href":"https:\/\/oruzcosmetics.com\/index.php\/wp-json\/wp\/v2\/product\/1525\/revisions\/2011"}],"wp:featuredmedia":[{"embeddable":true,"href":"https:\/\/oruzcosmetics.com\/index.php\/wp-json\/wp\/v2\/media\/1616"}],"wp:attachment":[{"href":"https:\/\/oruzcosmetics.com\/index.php\/wp-json\/wp\/v2\/media?parent=1525"}],"wp:term":[{"taxonomy":"product_brand","embeddable":true,"href":"https:\/\/oruzcosmetics.com\/index.php\/wp-json\/wp\/v2\/product_brand?post=1525"},{"taxonomy":"product_cat","embeddable":true,"href":"https:\/\/oruzcosmetics.com\/index.php\/wp-json\/wp\/v2\/product_cat?post=1525"},{"taxonomy":"product_tag","embeddable":true,"href":"https:\/\/oruzcosmetics.com\/index.php\/wp-json\/wp\/v2\/product_tag?post=1525"}],"curies":[{"name":"wp","href":"https:\/\/api.w.org\/{rel}","templated":true}]}}