{"id":1871,"date":"2025-06-20T15:21:07","date_gmt":"2025-06-20T20:21:07","guid":{"rendered":"https:\/\/oruzcosmetics.com\/?post_type=product&#038;p=1871"},"modified":"2026-03-01T11:04:31","modified_gmt":"2026-03-01T16:04:31","slug":"kit-cuidado-facial","status":"publish","type":"product","link":"https:\/\/oruzcosmetics.com\/index.php\/producto\/kit-cuidado-facial\/","title":{"rendered":"Kit cuidado facial"},"content":{"rendered":"","protected":false},"excerpt":{"rendered":"<p><b>Kit Cuidado Facial Completo Oruz<\/b><\/p>\n<p><span style=\"font-weight: 400;\">Tu rutina completa en un solo kit: <\/span><b>Espuma facial limpiadora + Serum facial 7 beneficios + Contorno de ojos<\/b><span style=\"font-weight: 400;\">. Dise\u00f1ado para limpiar, nutrir y revitalizar tu piel con activos de alta calidad.<\/span><\/p>\n<p><span style=\"font-weight: 400;\">\u2728<\/span> <b>Incluye:<\/b><\/p>\n<ul>\n<li style=\"font-weight: 400;\" aria-level=\"1\"><b>Espuma Facial Oruz (200 ml):<\/b><span style=\"font-weight: 400;\"> Limpieza profunda sin resecar.<\/span><\/li>\n<li style=\"font-weight: 400;\" aria-level=\"1\"><b>Serum Facial 7 Beneficios (50 ml):<\/b><span style=\"font-weight: 400;\"> Luminosidad, hidrataci\u00f3n y firmeza.<\/span><\/li>\n<li style=\"font-weight: 400;\" aria-level=\"1\"><b>Contorno de Ojos (20g):<\/b><span style=\"font-weight: 400;\"> Roll-on con efecto fr\u00edo que reduce bolsas y ojeras.<\/span><\/li>\n<\/ul>\n<p><span style=\"font-weight: 400;\">\ud83d\udccc<\/span> <b>Beneficios del kit:<\/b><\/p>\n<ul>\n<li style=\"font-weight: 400;\" aria-level=\"1\"><span style=\"font-weight: 400;\">Rutina facial completa en 3 pasos.<\/span><\/li>\n<li style=\"font-weight: 400;\" aria-level=\"1\"><span style=\"font-weight: 400;\">Cuidado integral: limpieza, nutrici\u00f3n y reparaci\u00f3n.<\/span><\/li>\n<li style=\"font-weight: 400;\" aria-level=\"1\"><span style=\"font-weight: 400;\">F\u00f3rmulas con Niacinamida, Vitamina C, \u00c1cido Hialur\u00f3nico, Cafe\u00edna y Col\u00e1geno.<\/span><\/li>\n<\/ul>\n<p><span style=\"font-weight: 400;\">\ud83d\udc49<\/span><span style=\"font-weight: 400;\"> Consigue resultados visibles y duraderos con la experiencia completa de Oruz.<\/span><\/p>\n<p>&nbsp;<\/p>\n","protected":false},"featured_media":1872,"comment_status":"closed","ping_status":"closed","template":"","meta":[],"product_brand":[],"product_cat":[122,18],"product_tag":[],"class_list":{"0":"post-1871","1":"product","2":"type-product","3":"status-publish","4":"has-post-thumbnail","6":"product_cat-skin-care","7":"product_cat-woman","9":"first","10":"instock","11":"taxable","12":"shipping-taxable","13":"purchasable","14":"product-type-simple"},"yoast_head":"<!-- This site is optimized with the Yoast SEO plugin v25.8 - https:\/\/yoast.com\/wordpress\/plugins\/seo\/ -->\n<title>Kit cuidado facial - Oruzcosmetics<\/title>\n<meta name=\"robots\" content=\"index, follow, max-snippet:-1, max-image-preview:large, max-video-preview:-1\" \/>\n<link rel=\"canonical\" href=\"https:\/\/oruzcosmetics.com\/index.php\/producto\/kit-cuidado-facial\/\" \/>\n<meta property=\"og:locale\" content=\"es_ES\" \/>\n<meta property=\"og:type\" content=\"article\" \/>\n<meta property=\"og:title\" content=\"Kit cuidado facial - Oruzcosmetics\" \/>\n<meta property=\"og:description\" content=\"Kit Cuidado Facial Completo Oruz  Tu rutina completa en un solo kit: Espuma facial limpiadora + Serum facial 7 beneficios + Contorno de ojos. Dise\u00f1ado para limpiar, nutrir y revitalizar tu piel con activos de alta calidad.  \u2728 Incluye:   Espuma Facial Oruz (200 ml): Limpieza profunda sin resecar.  Serum Facial 7 Beneficios (50 ml): Luminosidad, hidrataci\u00f3n y firmeza.  Contorno de Ojos (20g): Roll-on con efecto fr\u00edo que reduce bolsas y ojeras.  \ud83d\udccc Beneficios del kit:   Rutina facial completa en 3 pasos.  Cuidado integral: limpieza, nutrici\u00f3n y reparaci\u00f3n.  F\u00f3rmulas con Niacinamida, Vitamina C, \u00c1cido Hialur\u00f3nico, Cafe\u00edna y Col\u00e1geno.  \ud83d\udc49 Consigue resultados visibles y duraderos con la experiencia completa de Oruz.  &nbsp;\" \/>\n<meta property=\"og:url\" content=\"https:\/\/oruzcosmetics.com\/index.php\/producto\/kit-cuidado-facial\/\" \/>\n<meta property=\"og:site_name\" content=\"Oruzcosmetics\" \/>\n<meta property=\"article:modified_time\" content=\"2026-03-01T16:04:31+00:00\" \/>\n<meta property=\"og:image\" content=\"https:\/\/oruzcosmetics.com\/wp-content\/uploads\/2025\/06\/Productos.jpg\" \/>\n\t<meta property=\"og:image:width\" content=\"800\" \/>\n\t<meta property=\"og:image:height\" content=\"800\" \/>\n\t<meta property=\"og:image:type\" content=\"image\/jpeg\" \/>\n<meta name=\"twitter:card\" content=\"summary_large_image\" \/>\n<meta name=\"twitter:label1\" content=\"Tiempo de lectura\" \/>\n\t<meta name=\"twitter:data1\" content=\"1 minuto\" \/>\n<script type=\"application\/ld+json\" class=\"yoast-schema-graph\">{\"@context\":\"https:\/\/schema.org\",\"@graph\":[{\"@type\":\"WebPage\",\"@id\":\"https:\/\/oruzcosmetics.com\/index.php\/producto\/kit-cuidado-facial\/\",\"url\":\"https:\/\/oruzcosmetics.com\/index.php\/producto\/kit-cuidado-facial\/\",\"name\":\"Kit cuidado facial - Oruzcosmetics\",\"isPartOf\":{\"@id\":\"https:\/\/oruzcosmetics.com\/#website\"},\"primaryImageOfPage\":{\"@id\":\"https:\/\/oruzcosmetics.com\/index.php\/producto\/kit-cuidado-facial\/#primaryimage\"},\"image\":{\"@id\":\"https:\/\/oruzcosmetics.com\/index.php\/producto\/kit-cuidado-facial\/#primaryimage\"},\"thumbnailUrl\":\"https:\/\/oruzcosmetics.com\/wp-content\/uploads\/2025\/06\/Productos.jpg\",\"datePublished\":\"2025-06-20T20:21:07+00:00\",\"dateModified\":\"2026-03-01T16:04:31+00:00\",\"breadcrumb\":{\"@id\":\"https:\/\/oruzcosmetics.com\/index.php\/producto\/kit-cuidado-facial\/#breadcrumb\"},\"inLanguage\":\"es\",\"potentialAction\":[{\"@type\":\"ReadAction\",\"target\":[\"https:\/\/oruzcosmetics.com\/index.php\/producto\/kit-cuidado-facial\/\"]}]},{\"@type\":\"ImageObject\",\"inLanguage\":\"es\",\"@id\":\"https:\/\/oruzcosmetics.com\/index.php\/producto\/kit-cuidado-facial\/#primaryimage\",\"url\":\"https:\/\/oruzcosmetics.com\/wp-content\/uploads\/2025\/06\/Productos.jpg\",\"contentUrl\":\"https:\/\/oruzcosmetics.com\/wp-content\/uploads\/2025\/06\/Productos.jpg\",\"width\":800,\"height\":800},{\"@type\":\"BreadcrumbList\",\"@id\":\"https:\/\/oruzcosmetics.com\/index.php\/producto\/kit-cuidado-facial\/#breadcrumb\",\"itemListElement\":[{\"@type\":\"ListItem\",\"position\":1,\"name\":\"Inicio\",\"item\":\"https:\/\/oruzcosmetics.com\/\"},{\"@type\":\"ListItem\",\"position\":2,\"name\":\"Shop\",\"item\":\"https:\/\/oruzcosmetics.com\/index.php\/shop\/\"},{\"@type\":\"ListItem\",\"position\":3,\"name\":\"Kit cuidado facial\"}]},{\"@type\":\"WebSite\",\"@id\":\"https:\/\/oruzcosmetics.com\/#website\",\"url\":\"https:\/\/oruzcosmetics.com\/\",\"name\":\"Oruzcosmetics\",\"description\":\"\",\"publisher\":{\"@id\":\"https:\/\/oruzcosmetics.com\/#organization\"},\"potentialAction\":[{\"@type\":\"SearchAction\",\"target\":{\"@type\":\"EntryPoint\",\"urlTemplate\":\"https:\/\/oruzcosmetics.com\/?s={search_term_string}\"},\"query-input\":{\"@type\":\"PropertyValueSpecification\",\"valueRequired\":true,\"valueName\":\"search_term_string\"}}],\"inLanguage\":\"es\"},{\"@type\":\"Organization\",\"@id\":\"https:\/\/oruzcosmetics.com\/#organization\",\"name\":\"Oruzcosmetics\",\"url\":\"https:\/\/oruzcosmetics.com\/\",\"logo\":{\"@type\":\"ImageObject\",\"inLanguage\":\"es\",\"@id\":\"https:\/\/oruzcosmetics.com\/#\/schema\/logo\/image\/\",\"url\":\"https:\/\/oruzcosmetics.com\/wp-content\/uploads\/2025\/05\/logo-oruz.png\",\"contentUrl\":\"https:\/\/oruzcosmetics.com\/wp-content\/uploads\/2025\/05\/logo-oruz.png\",\"width\":818,\"height\":515,\"caption\":\"Oruzcosmetics\"},\"image\":{\"@id\":\"https:\/\/oruzcosmetics.com\/#\/schema\/logo\/image\/\"}}]}<\/script>\n<!-- \/ Yoast SEO plugin. -->","yoast_head_json":{"title":"Kit cuidado facial - Oruzcosmetics","robots":{"index":"index","follow":"follow","max-snippet":"max-snippet:-1","max-image-preview":"max-image-preview:large","max-video-preview":"max-video-preview:-1"},"canonical":"https:\/\/oruzcosmetics.com\/index.php\/producto\/kit-cuidado-facial\/","og_locale":"es_ES","og_type":"article","og_title":"Kit cuidado facial - Oruzcosmetics","og_description":"Kit Cuidado Facial Completo Oruz  Tu rutina completa en un solo kit: Espuma facial limpiadora + Serum facial 7 beneficios + Contorno de ojos. Dise\u00f1ado para limpiar, nutrir y revitalizar tu piel con activos de alta calidad.  \u2728 Incluye:   Espuma Facial Oruz (200 ml): Limpieza profunda sin resecar.  Serum Facial 7 Beneficios (50 ml): Luminosidad, hidrataci\u00f3n y firmeza.  Contorno de Ojos (20g): Roll-on con efecto fr\u00edo que reduce bolsas y ojeras.  \ud83d\udccc Beneficios del kit:   Rutina facial completa en 3 pasos.  Cuidado integral: limpieza, nutrici\u00f3n y reparaci\u00f3n.  F\u00f3rmulas con Niacinamida, Vitamina C, \u00c1cido Hialur\u00f3nico, Cafe\u00edna y Col\u00e1geno.  \ud83d\udc49 Consigue resultados visibles y duraderos con la experiencia completa de Oruz.  &nbsp;","og_url":"https:\/\/oruzcosmetics.com\/index.php\/producto\/kit-cuidado-facial\/","og_site_name":"Oruzcosmetics","article_modified_time":"2026-03-01T16:04:31+00:00","og_image":[{"width":800,"height":800,"url":"https:\/\/oruzcosmetics.com\/wp-content\/uploads\/2025\/06\/Productos.jpg","type":"image\/jpeg"}],"twitter_card":"summary_large_image","twitter_misc":{"Tiempo de lectura":"1 minuto"},"schema":{"@context":"https:\/\/schema.org","@graph":[{"@type":"WebPage","@id":"https:\/\/oruzcosmetics.com\/index.php\/producto\/kit-cuidado-facial\/","url":"https:\/\/oruzcosmetics.com\/index.php\/producto\/kit-cuidado-facial\/","name":"Kit cuidado facial - Oruzcosmetics","isPartOf":{"@id":"https:\/\/oruzcosmetics.com\/#website"},"primaryImageOfPage":{"@id":"https:\/\/oruzcosmetics.com\/index.php\/producto\/kit-cuidado-facial\/#primaryimage"},"image":{"@id":"https:\/\/oruzcosmetics.com\/index.php\/producto\/kit-cuidado-facial\/#primaryimage"},"thumbnailUrl":"https:\/\/oruzcosmetics.com\/wp-content\/uploads\/2025\/06\/Productos.jpg","datePublished":"2025-06-20T20:21:07+00:00","dateModified":"2026-03-01T16:04:31+00:00","breadcrumb":{"@id":"https:\/\/oruzcosmetics.com\/index.php\/producto\/kit-cuidado-facial\/#breadcrumb"},"inLanguage":"es","potentialAction":[{"@type":"ReadAction","target":["https:\/\/oruzcosmetics.com\/index.php\/producto\/kit-cuidado-facial\/"]}]},{"@type":"ImageObject","inLanguage":"es","@id":"https:\/\/oruzcosmetics.com\/index.php\/producto\/kit-cuidado-facial\/#primaryimage","url":"https:\/\/oruzcosmetics.com\/wp-content\/uploads\/2025\/06\/Productos.jpg","contentUrl":"https:\/\/oruzcosmetics.com\/wp-content\/uploads\/2025\/06\/Productos.jpg","width":800,"height":800},{"@type":"BreadcrumbList","@id":"https:\/\/oruzcosmetics.com\/index.php\/producto\/kit-cuidado-facial\/#breadcrumb","itemListElement":[{"@type":"ListItem","position":1,"name":"Inicio","item":"https:\/\/oruzcosmetics.com\/"},{"@type":"ListItem","position":2,"name":"Shop","item":"https:\/\/oruzcosmetics.com\/index.php\/shop\/"},{"@type":"ListItem","position":3,"name":"Kit cuidado facial"}]},{"@type":"WebSite","@id":"https:\/\/oruzcosmetics.com\/#website","url":"https:\/\/oruzcosmetics.com\/","name":"Oruzcosmetics","description":"","publisher":{"@id":"https:\/\/oruzcosmetics.com\/#organization"},"potentialAction":[{"@type":"SearchAction","target":{"@type":"EntryPoint","urlTemplate":"https:\/\/oruzcosmetics.com\/?s={search_term_string}"},"query-input":{"@type":"PropertyValueSpecification","valueRequired":true,"valueName":"search_term_string"}}],"inLanguage":"es"},{"@type":"Organization","@id":"https:\/\/oruzcosmetics.com\/#organization","name":"Oruzcosmetics","url":"https:\/\/oruzcosmetics.com\/","logo":{"@type":"ImageObject","inLanguage":"es","@id":"https:\/\/oruzcosmetics.com\/#\/schema\/logo\/image\/","url":"https:\/\/oruzcosmetics.com\/wp-content\/uploads\/2025\/05\/logo-oruz.png","contentUrl":"https:\/\/oruzcosmetics.com\/wp-content\/uploads\/2025\/05\/logo-oruz.png","width":818,"height":515,"caption":"Oruzcosmetics"},"image":{"@id":"https:\/\/oruzcosmetics.com\/#\/schema\/logo\/image\/"}}]}},"_links":{"self":[{"href":"https:\/\/oruzcosmetics.com\/index.php\/wp-json\/wp\/v2\/product\/1871","targetHints":{"allow":["GET"]}}],"collection":[{"href":"https:\/\/oruzcosmetics.com\/index.php\/wp-json\/wp\/v2\/product"}],"about":[{"href":"https:\/\/oruzcosmetics.com\/index.php\/wp-json\/wp\/v2\/types\/product"}],"replies":[{"embeddable":true,"href":"https:\/\/oruzcosmetics.com\/index.php\/wp-json\/wp\/v2\/comments?post=1871"}],"version-history":[{"count":3,"href":"https:\/\/oruzcosmetics.com\/index.php\/wp-json\/wp\/v2\/product\/1871\/revisions"}],"predecessor-version":[{"id":2028,"href":"https:\/\/oruzcosmetics.com\/index.php\/wp-json\/wp\/v2\/product\/1871\/revisions\/2028"}],"wp:featuredmedia":[{"embeddable":true,"href":"https:\/\/oruzcosmetics.com\/index.php\/wp-json\/wp\/v2\/media\/1872"}],"wp:attachment":[{"href":"https:\/\/oruzcosmetics.com\/index.php\/wp-json\/wp\/v2\/media?parent=1871"}],"wp:term":[{"taxonomy":"product_brand","embeddable":true,"href":"https:\/\/oruzcosmetics.com\/index.php\/wp-json\/wp\/v2\/product_brand?post=1871"},{"taxonomy":"product_cat","embeddable":true,"href":"https:\/\/oruzcosmetics.com\/index.php\/wp-json\/wp\/v2\/product_cat?post=1871"},{"taxonomy":"product_tag","embeddable":true,"href":"https:\/\/oruzcosmetics.com\/index.php\/wp-json\/wp\/v2\/product_tag?post=1871"}],"curies":[{"name":"wp","href":"https:\/\/api.w.org\/{rel}","templated":true}]}}